{"id":167,"date":"2022-02-11T10:54:06","date_gmt":"2022-02-11T08:54:06","guid":{"rendered":"https:\/\/sdl20.galplaiuriprahovene.ro\/?page_id=167"},"modified":"2022-02-15T14:06:29","modified_gmt":"2022-02-15T12:06:29","slug":"informatii-generale-sdl","status":"publish","type":"page","link":"https:\/\/sdl20.galplaiuriprahovene.ro\/index.php\/informatii-generale-sdl\/","title":{"rendered":"Informa\u021bii generale SDL"},"content":{"rendered":"<section class=\"l-section wpb_row height_medium\"><div class=\"l-section-h i-cf\"><div class=\"g-cols vc_row via_flex valign_top type_default\"><div class=\"vc_col-sm-12 wpb_column vc_column_container\"><div class=\"vc_column-inner\"><div class=\"wpb_wrapper\"><div class=\"g-cols wpb_row via_flex valign_top type_default\"><div class=\"vc_col-sm-12 wpb_column vc_column_container\"><div class=\"vc_column-inner\"><div class=\"wpb_wrapper\"><div class=\"wpb_text_column us_custom_7d5da1e5\"><div class=\"wpb_wrapper\"><h3><strong>Informa\u021bii generale SDL<\/strong><\/h3>\n<\/div><\/div><div class=\"wpb_text_column\"><div class=\"wpb_wrapper\"><h4><strong>INTRODUCERE<\/strong><\/h4>\n<p style=\"font-weight: 400;\">\u00a0 \u00a0Prezenta stategie de dezvoltare locala (SDL) are ca arie de acoperire Asocierea \u201dPLAIURI PRAHOVENE\u201d, format\u0103 din parteneri publici, priva\u021bi \u0219i ai societ\u0103\u021bii civile din \u0219ase comune: Surani, Pacureti, Podenii Noi , Apostolache , Chiojdeanca\u00a0\u00a0\u0219i Sangeru , toate din jude\u021bul Prahova \u0219i care se vor constitui, conform OG 26\/2000, \u00een Grupul de Ac\u021biune Local\u0103 (GAL) \u201dPLAIURI PRAHOVENE\u201d.<\/p>\n<p style=\"font-weight: 400;\">\u00a0Prin abordarea local\u0103, principiile de implementare generale obligatorii impuse de legisla\u021bia european\u0103 sunt repectate, dar obiectivele specifice locale difer\u0103 fa\u021b\u0103 de cele abordate prin PNDR la nivel na\u021bional.<\/p>\n<p style=\"font-weight: 400;\">Proiectele sprijinite la nivelul strategiei de dezvoltare local\u0103 au un impact pozitiv asupra obiectivelor FEADR, incluz\u00e2nd aspecte specifice care nu pot avea caracter de generalizare la nivel na\u021bional.<\/p>\n<p style=\"font-weight: 400;\">Importanta impelementarii LEADER: Poten\u0163ialul Grup de Ac\u0163iune Local\u0103 \u201dPLAIURI PRAHOVENE\u201d \u00ee\u015fi propune s\u0103 aduc\u0103 &#8211; prin Planul de Dezvoltare Local\u0103 elaborat &#8211; cele mai bune argumente care s\u0103 demonstreze capacitatea sa de a aplica Axa LEADER cu succes. \u00cen tot acest demers, locuitorii teritoriului PLAIURI PRAHOVENE au dovredit ca sunt oameni receptivi care pot valorifica poten\u0163ialul local. \u00cempreun\u00e3 au stabilit m\u0103suri pentru satisfacerea nevoilor identificate. Experien\u0163a dob\u00e2ndit\u0103 p\u00e2n\u00e3 acum, relevat\u0103 \u00een proiecte individuale, ne-a convins c\u0103 dezvoltarea zonal\u0103 este esen\u0163ial\u0103 deoarece conduce la emanciparea unui grup mai mare de oameni, la dezvoltarea unei arii mai \u00eentinse, la crearea unei simbioze \u00eentre localit\u0103\u0163ile \u00eenvecinate care s\u0103 urm\u0103reasc\u0103 dezvoltarea mediului economic \u015fi perfec\u0163ionarea abilit\u0103\u0163ilor de organizare ale comunit\u0103\u0163ii locale.<\/p>\n<p style=\"font-weight: 400;\">Implementarea SDL vine in completarea altor programe europene sau na\u0163ionale, iar abordarea sa urm\u0103re\u015fte sa ofere comunit\u0103\u0163ilor rurale o metoda de implicare a partenerilor locali in orientarea dezvolt\u0103rii viitoare a zonei lor.<\/p>\n<p>Dezvoltarea\u00a0 spa\u021biului rural prin LEADER creeaz\u0103 oportunitatea implement\u0103rii priorit\u0103\u021bilor \u0219i obiectivelor Politicii Agricole Comune (PAC) \u021bin\u00e2nd cont de nevoile locale identificate local printr-o abordare transparenta de jos in sus avand in vedere :<\/p>\n<p>&#8211; specificul resurselor locale,<\/p>\n<p>&#8211; domeniile de dezvoltare economic\u0103 a zonei,<\/p>\n<p>&#8211; necesit\u0103\u021bile popula\u021biei.<\/p>\n<p>Prin consult\u0103rile care au avut loc \u00eentre to\u021bi partenerii relevan\u021bi ai Asocia\u021biei Grupul de Ac\u021biune Local\u0103 \u201dPLAIURI PRAHOVENE\u201d, dar \u0219i pe baza analizei diagnostic a teritoriului \u0219i a analizei SWOT, s-au stabilit direc\u021biile \u0219i m\u0103surile care vor asigura\u00a0 \u00eendeplinirea obiectivelor previzionate a fi atinse ca urmare a implementarii SDL in microregiune.<\/p>\n<p>Se preconizeaz\u0103 ca prin implementarea LEADER in teritoriul GAL\u201dPLAIURI PRAHOVENE\u201dsa se ating\u0103 urm\u0103toarele obiective, a\u0219a cum sunt men\u021bionate \u00een Reg. UE nr. 1305\/2013, art. 4:<\/p>\n<ul>\n<li>i) restructurarea \u0219i cre\u0219terea viabilit\u0103\u021bii exploata\u021biilor agricole;<\/li>\n<li>ii) gestionarea durabil\u0103 a resurselor naturale \u0219i combaterea schimb\u0103rilor climatice;<\/li>\n<li>iii) diversificarea activit\u0103\u021bilor economice, crearea de locuri de munc\u0103, \u00eembun\u0103t\u0103\u021birea infrastructurii \u0219i serviciilor pentru \u00eembun\u0103t\u0103\u021birea calit\u0103\u021bii vie\u021bii \u00een zonele rurale.<\/li>\n<\/ul>\n<p>Pentru atingerea acestor obiective, se au \u00een vedere, ca principale priorit\u0103\u021bi de dezvoltare, a\u0219a cum sunt men\u021bionate \u00een Reg. UE nr. 1305\/2013, art. 5, urm\u0103toarele:<\/p>\n<p>&#8211;\u00a0\u00a0\u00a0\u00a0\u00a0\u00a0P1: \u00eencurajarea transferului de cuno\u0219tin\u021be \u0219i a inov\u0103rii \u00een agricultur\u0103, silvicultur\u0103 \u0219i zonele rurale, inclusiv \u00een domeniul de interven\u021bie 1A) \u00cencurajarea inov\u0103rii,\u00a0<strong>a cooper\u0103rii\u00a0<\/strong>\u0219i a cre\u0103rii unei baze de cunostin\u021be \u00een zonele rurale;<\/p>\n<p>&#8211;\u00a0\u00a0\u00a0\u00a0\u00a0\u00a0P2: Cre\u0219terea viabilit\u0103\u021bii fermelor \u0219i a competitivit\u0103\u021bii tuturor tipurilor de agricultur\u0103 \u0219i promovarea tehnologiilor agricole inovatoare \u0219i a gestion\u0103rii durabile a p\u0103durilor;<\/p>\n<p>&#8211;\u00a0\u00a0\u00a0\u00a0\u00a0\u00a0P3: Promovarea organiz\u0103rii lan\u021bului alimentar, inclusiv a sectoarelor de prelucrare \u0219i comercializare a produselor agricole, a bun\u0103st\u0103rii animalelor \u0219i a gestion\u0103rii riscurilor \u00een agricultur\u0103;<\/p>\n<p>&#8211;\u00a0\u00a0\u00a0\u00a0\u00a0\u00a0P4: Refacerea, conservarea \u0219i consolidarea ecosistemelor legate de agricultur\u0103 \u0219i silvicultur\u0103;<\/p>\n<p>&#8211;\u00a0\u00a0\u00a0\u00a0\u00a0\u00a0P5: Promovarea eficient\u0103 a resurselor \u0219i sprijinirea tranzi\u021biei c\u0103tre o economie cu emisii reduse de carbon \u0219i rezisten\u021b\u0103 la schimb\u0103rile climatice \u00een sectoarele agricol, alimentar \u0219i forestier;<\/p>\n<p>&#8211;\u00a0\u00a0\u00a0\u00a0\u00a0\u00a0P6: Promovarea incluziunii sociale, a reducerii s\u0103r\u0103ciei \u0219i a dezvolt\u0103rii economice \u00een zonele rurale.<\/p>\n<p>Viziunea strategiei stabile\u015fte cu claritate alternativele de dezvoltare ale comunelor apar\u021bin\u00e2nd asocierii PLAIURI PRAHOVENEpentru perioada 2014-2020 \u015fi constituie diferen\u0163a dintre ceea ce reprezint\u0103 ast\u0103zi \u015fi ceea ce trebuie s\u0103 devin\u0103 zona \u00een urm\u0103torii 7 ani. Conceptul strategic de dezvoltare se traduce astfel printr-o dezvoltare economic\u0103 datorat\u0103 pozi\u0163iei geostrategice, determinat\u0103 de atragerea de firme\/activit\u0103\u0163i economice\/investi\u0163ii. \u00cen acest sens, trebuie urmate doua puncte prioritare: cresterea gradului de atractivitate a zonei (prin imbun\u0103t\u0103\u0163irea imaginii, a calit\u0103\u0163ii vie\u0163ii, prin revitalizare rural\u0103) \u015fi facilit\u0103\u0163i de atragere a firmelor private.<\/p>\n<hr \/>\n<\/div><\/div>[vc_raw_html]JTNDaDUlM0VDQVBJVE9MVUwlMjBJJTIwUHJlemVudGFyZWElMjB0ZXJpdG9yaXVsdWklMjAlQzglOTlpJTIwYSUyMHBvcHVsYSVDOCU5QmllaSUyMGFjb3Blcml0ZSUzQyUyRmg1JTNFJTBBJTVCcGRmLWVtYmVkZGVyJTIwdXJsJTNEJTIyaHR0cHMlM0ElMkYlMkZnYWxwbGFpdXJpcHJhaG92ZW5lLnJvJTJGd3AtY29udGVudCUyRnVwbG9hZHMlMkYyMDIyJTJGMDIlMkZDQVBJVE9MVUwtSS1QcmV6ZW50YXJlYS10ZXJpdG9yaXVsdWktc2ktYS1wb3B1bGF0aWVpLWFjb3Blcml0ZS0xLnBkZiUyMiUyMHRpdGxlJTNEJTIyQ0FQSVRPTFVMJTIwSSUyMFByZXplbnRhcmVhJTIwdGVyaXRvcml1bHVpJTIwJUM4JTk5aSUyMGElMjBwb3B1bGElQzglOUJpZWklMjBhY29wZXJpdGUlMjIlNUQ=[\/vc_raw_html]<\/div><\/div><\/div><\/div><\/div><\/div><\/div><\/div><\/div><\/section>\n","protected":false},"excerpt":{"rendered":"Informa\u021bii generale SDL INTRODUCERE \u00a0 \u00a0Prezenta stategie de dezvoltare locala (SDL) are ca arie de acoperire Asocierea \u201dPLAIURI PRAHOVENE\u201d, format\u0103 din parteneri publici, priva\u021bi \u0219i ai societ\u0103\u021bii civile din \u0219ase comune: Surani, Pacureti, Podenii Noi , Apostolache , Chiojdeanca\u00a0\u00a0\u0219i Sangeru , toate din jude\u021bul Prahova \u0219i care se vor constitui, conform OG 26\/2000, \u00een Grupul...","protected":false},"author":1,"featured_media":0,"parent":0,"menu_order":0,"comment_status":"closed","ping_status":"closed","template":"","meta":{"footnotes":""},"class_list":["post-167","page","type-page","status-publish","hentry"],"_links":{"self":[{"href":"https:\/\/sdl20.galplaiuriprahovene.ro\/index.php\/wp-json\/wp\/v2\/pages\/167","targetHints":{"allow":["GET"]}}],"collection":[{"href":"https:\/\/sdl20.galplaiuriprahovene.ro\/index.php\/wp-json\/wp\/v2\/pages"}],"about":[{"href":"https:\/\/sdl20.galplaiuriprahovene.ro\/index.php\/wp-json\/wp\/v2\/types\/page"}],"author":[{"embeddable":true,"href":"https:\/\/sdl20.galplaiuriprahovene.ro\/index.php\/wp-json\/wp\/v2\/users\/1"}],"replies":[{"embeddable":true,"href":"https:\/\/sdl20.galplaiuriprahovene.ro\/index.php\/wp-json\/wp\/v2\/comments?post=167"}],"version-history":[{"count":6,"href":"https:\/\/sdl20.galplaiuriprahovene.ro\/index.php\/wp-json\/wp\/v2\/pages\/167\/revisions"}],"predecessor-version":[{"id":340,"href":"https:\/\/sdl20.galplaiuriprahovene.ro\/index.php\/wp-json\/wp\/v2\/pages\/167\/revisions\/340"}],"wp:attachment":[{"href":"https:\/\/sdl20.galplaiuriprahovene.ro\/index.php\/wp-json\/wp\/v2\/media?parent=167"}],"curies":[{"name":"wp","href":"https:\/\/api.w.org\/{rel}","templated":true}]}}