{"id":2,"date":"2022-02-10T12:02:48","date_gmt":"2022-02-10T12:02:48","guid":{"rendered":"https:\/\/sdl20.galplaiuriprahovene.ro\/?page_id=2"},"modified":"2025-01-14T15:59:31","modified_gmt":"2025-01-14T13:59:31","slug":"sample-page","status":"publish","type":"page","link":"https:\/\/sdl20.galplaiuriprahovene.ro\/","title":{"rendered":"Acasa"},"content":{"rendered":"<section class=\"l-section wpb_row us_custom_0f8f44b7 height_auto width_full\"><div class=\"l-section-h i-cf\"><div class=\"g-cols vc_row via_flex valign_top type_default\"><div class=\"vc_col-sm-12 wpb_column vc_column_container\"><div class=\"vc_column-inner\"><div class=\"wpb_wrapper\">[vc_raw_html]JTVCc3B0LXBvc3RzLXRpY2tlciU1RA==[\/vc_raw_html]<\/div><\/div><\/div><\/div><\/div><\/section><section class=\"l-section wpb_row height_auto with_img parallax_fixed\"><div class=\"l-section-img\" style=\"background-image: url(https:\/\/sdl20.galplaiuriprahovene.ro\/wp-content\/uploads\/2022\/02\/22751-scaled.jpg);background-repeat: no-repeat;\" data-img-width=\"2560\" data-img-height=\"1707\"><\/div><div class=\"l-section-overlay\" style=\"background:rgba(255,255,255,0.90)\"><\/div><div class=\"l-section-h i-cf\"><div class=\"g-cols vc_row via_flex valign_middle type_default reversed\"><div class=\"vc_col-sm-12 wpb_column vc_column_container\"><div class=\"vc_column-inner\"><div class=\"wpb_wrapper\"><div class=\"g-cols wpb_row us_custom_62d02b5f via_flex valign_middle type_boxes\"><div class=\"vc_col-sm-10 wpb_column vc_column_container\"><div class=\"vc_column-inner\"><div class=\"wpb_wrapper\"><div class=\"wpb_text_column us_custom_65237304 has_text_color\"><div class=\"wpb_wrapper\"><h4><strong>IMPORTANT<\/strong><\/h4>\n<\/div><\/div><div class=\"w-grid us_custom_b9ffcca7 type_grid layout_134\" id=\"us_grid_1\" data-filterable=\"true\"><style>#us_grid_1 .w-grid-item:not(:last-child){margin-bottom:5px}#us_grid_1 .g-loadmore{margin-top:5px}.layout_134 .w-grid-item-h{}.layout_134 .usg_post_title_1{transition-duration:0.3s;transform-origin:50% 50%;transform:scale(1) translate(0%,0%)}.layout_134 .w-grid-item-h:hover .usg_post_title_1{transform:scale(1) translate(1%,0%);opacity:1}.layout_134 .usg_post_title_1{color:#f52020!important;font-weight:600!important;font-size:1rem!important}.layout_134 .usg_post_date_1{color:var(--color-content-faded)!important;font-size:0.8rem!important}.layout_134 .usg_text_1{color:#999CB3!important;font-weight:600!important;font-size:11px!important;line-height:24px!important}<\/style><div class=\"w-grid-list\">\t<article class=\"w-grid-item size_1x1 post-514 post type-post status-publish format-standard hentry category-important\" data-id=\"514\">\r\n\t\t<div class=\"w-grid-item-h\">\r\n\t\t\t\t\t\t<h2 class=\"w-post-elm post_title usg_post_title_1 entry-title color_link_inherit\"><a href=\"https:\/\/sdl20.galplaiuriprahovene.ro\/index.php\/2024\/04\/02\/prelungire-apel-de-selectie-3-2023-2\/\">PRELUNGIRE APEL DE SELECTIE 3\/2023<\/a><\/h2><div class=\"w-hwrapper usg_hwrapper_1 align_none valign_middle\" style=\"--hwrapper-gap:1.20rem\"><div class=\"w-text usg_text_1\"><span class=\"w-text-h\"><i class=\"fas fa-calendar-alt\"><\/i><span class=\"w-text-value\">Data publicarii:<\/span><\/span><\/div><time class=\"w-post-elm post_date usg_post_date_1 entry-date published\" datetime=\"2024-04-02T16:35:47+03:00\">2.04.24<\/time><\/div>\t\t<\/div>\r\n\t<\/article>\r\n\t<article class=\"w-grid-item size_1x1 post-508 post type-post status-publish format-standard hentry category-important\" data-id=\"508\">\r\n\t\t<div class=\"w-grid-item-h\">\r\n\t\t\t\t\t\t<h2 class=\"w-post-elm post_title usg_post_title_1 entry-title color_link_inherit\"><a href=\"https:\/\/sdl20.galplaiuriprahovene.ro\/index.php\/2024\/02\/27\/anunt-privind-prelungirea-apelului-de-selectie-nr-3-2023\/\">Anunt privind prelungirea apelului de selectie nr.3\/2023<\/a><\/h2><div class=\"w-hwrapper usg_hwrapper_1 align_none valign_middle\" style=\"--hwrapper-gap:1.20rem\"><div class=\"w-text usg_text_1\"><span class=\"w-text-h\"><i class=\"fas fa-calendar-alt\"><\/i><span class=\"w-text-value\">Data publicarii:<\/span><\/span><\/div><time class=\"w-post-elm post_date usg_post_date_1 entry-date published\" datetime=\"2024-02-27T13:01:37+02:00\">27.02.24<\/time><\/div>\t\t<\/div>\r\n\t<\/article>\r\n\t<article class=\"w-grid-item size_1x1 post-503 post type-post status-publish format-standard hentry category-important\" data-id=\"503\">\r\n\t\t<div class=\"w-grid-item-h\">\r\n\t\t\t\t\t\t<h2 class=\"w-post-elm post_title usg_post_title_1 entry-title color_link_inherit\"><a href=\"https:\/\/sdl20.galplaiuriprahovene.ro\/index.php\/2024\/02\/05\/prelungire-apel-de-selectie-3-2023\/\">PRELUNGIRE APEL DE SELECTIE 3\/2023<\/a><\/h2><div class=\"w-hwrapper usg_hwrapper_1 align_none valign_middle\" style=\"--hwrapper-gap:1.20rem\"><div class=\"w-text usg_text_1\"><span class=\"w-text-h\"><i class=\"fas fa-calendar-alt\"><\/i><span class=\"w-text-value\">Data publicarii:<\/span><\/span><\/div><time class=\"w-post-elm post_date usg_post_date_1 entry-date published\" datetime=\"2024-02-05T17:03:08+02:00\">5.02.24<\/time><\/div>\t\t<\/div>\r\n\t<\/article>\r\n\t<article class=\"w-grid-item size_1x1 post-488 post type-post status-publish format-standard hentry category-important\" data-id=\"488\">\r\n\t\t<div class=\"w-grid-item-h\">\r\n\t\t\t\t\t\t<h2 class=\"w-post-elm post_title usg_post_title_1 entry-title color_link_inherit\"><a href=\"https:\/\/sdl20.galplaiuriprahovene.ro\/index.php\/2023\/11\/15\/deschidere-apele-de-selectie-3-2023\/\">DESCHIDERE APEL DE SELECTIE 3\/2023<\/a><\/h2><div class=\"w-hwrapper usg_hwrapper_1 align_none valign_middle\" style=\"--hwrapper-gap:1.20rem\"><div class=\"w-text usg_text_1\"><span class=\"w-text-h\"><i class=\"fas fa-calendar-alt\"><\/i><span class=\"w-text-value\">Data publicarii:<\/span><\/span><\/div><time class=\"w-post-elm post_date usg_post_date_1 entry-date published\" datetime=\"2023-11-15T10:05:53+02:00\">15.11.23<\/time><\/div>\t\t<\/div>\r\n\t<\/article>\r\n<\/div><div class=\"w-grid-preloader\"><div class=\"g-preloader type_custom\">\r\n\t<div><img loading=\"lazy\" decoding=\"async\" width=\"250\" height=\"195\" src=\"https:\/\/sdl20.galplaiuriprahovene.ro\/wp-content\/uploads\/2022\/02\/gal-plaiuri-loader.gif\" class=\"attachment-medium size-medium\" alt=\"\" \/><\/div>\r\n<\/div>\r\n<\/div>\t<div class=\"w-grid-json hidden\" onclick='return {&quot;action&quot;:&quot;us_ajax_grid&quot;,&quot;ajax_url&quot;:&quot;https:\\\/\\\/sdl20.galplaiuriprahovene.ro\\\/wp-admin\\\/admin-ajax.php&quot;,&quot;infinite_scroll&quot;:0,&quot;max_num_pages&quot;:5,&quot;pagination&quot;:&quot;none&quot;,&quot;permalink_url&quot;:&quot;https:\\\/\\\/sdl20.galplaiuriprahovene.ro\\\/wp-json\\\/wp\\\/v2\\\/pages\\\/2&quot;,&quot;template_vars&quot;:{&quot;columns&quot;:&quot;1&quot;,&quot;exclude_items&quot;:&quot;none&quot;,&quot;img_size&quot;:&quot;default&quot;,&quot;ignore_items_size&quot;:false,&quot;items_layout&quot;:&quot;134&quot;,&quot;items_offset&quot;:&quot;1&quot;,&quot;load_animation&quot;:&quot;none&quot;,&quot;overriding_link&quot;:&quot;none&quot;,&quot;post_id&quot;:2,&quot;query_args&quot;:{&quot;post_type&quot;:[&quot;post&quot;],&quot;tax_query&quot;:[{&quot;taxonomy&quot;:&quot;category&quot;,&quot;field&quot;:&quot;slug&quot;,&quot;terms&quot;:[&quot;important&quot;]}],&quot;post_status&quot;:[&quot;publish&quot;],&quot;posts_per_page&quot;:&quot;4&quot;},&quot;orderby_query_args&quot;:{&quot;orderby&quot;:{&quot;date&quot;:&quot;DESC&quot;}},&quot;type&quot;:&quot;grid&quot;,&quot;us_grid_ajax_index&quot;:1,&quot;us_grid_filter_params&quot;:null,&quot;us_grid_index&quot;:1,&quot;_us_grid_post_type&quot;:&quot;post&quot;}}'><\/div>\r\n\t<\/div><\/div><\/div><\/div><div class=\"vc_col-sm-2 wpb_column vc_column_container\"><div class=\"vc_column-inner\"><div class=\"wpb_wrapper\"><div class=\"w-image  hide_on_tablets hide_on_mobiles align_center\"><div class=\"w-image-h\"><img loading=\"lazy\" decoding=\"async\" width=\"250\" height=\"195\" src=\"https:\/\/sdl20.galplaiuriprahovene.ro\/wp-content\/uploads\/2022\/02\/header_logo1.png\" class=\"attachment-full size-full\" alt=\"\" \/><\/div><\/div><div class=\"w-btn-wrapper align_center\"><a class=\"w-btn us-btn-style_1\" href=\"\/index.php\/category\/important\/\"><span class=\"w-btn-label\">Arhiva<\/span><\/a><\/div><\/div><\/div><\/div><\/div><\/div><\/div><\/div><\/div><\/div><\/section><section class=\"l-section wpb_row us_custom_bd0b6be4 height_medium\"><div class=\"l-section-h i-cf\"><div class=\"g-cols vc_row via_flex valign_top type_default\"><div class=\"vc_col-sm-12 wpb_column vc_column_container\"><div class=\"vc_column-inner\"><div class=\"wpb_wrapper\"><div class=\"g-cols wpb_row via_flex valign_top type_default\"><div class=\"vc_col-sm-4 wpb_column vc_column_container\"><div class=\"vc_column-inner\"><div class=\"wpb_wrapper\"><\/div><\/div><\/div><div class=\"vc_col-sm-4 wpb_column vc_column_container\"><div class=\"vc_column-inner\"><div class=\"wpb_wrapper\"><div class=\"w-html\"><span class=\"blink_me\"><a class=\"w-btn us-btn-style_4\" href=\"\/index.php\/apel-selectie-1-2025\/\">Calendar apel<\/a><\/span>\n<hr>\n<span class=\"blink_me\"><a class=\"w-btn us-btn-style_4\" href=\"\/index.php\/apel-selectie-1-2025\/\">M5\/6A \u2013 Versiune detaliata<\/a><\/span>\n<hr>\n<span class=\"blink_me\"><a class=\"w-btn us-btn-style_4\" href=\"\/index.php\/apel-selectie-1-2025\/\">M5\/6A \u2013 Versiune simplificata<\/a><\/span>\n\n\n<\/div><\/div><\/div><\/div><div class=\"vc_col-sm-4 wpb_column vc_column_container\"><div class=\"vc_column-inner\"><div class=\"wpb_wrapper\"><\/div><\/div><\/div><\/div><div class=\"wpb_text_column us_custom_b0dde0a1\"><div class=\"wpb_wrapper\"><h4 style=\"color: #f57e20;\"><strong>PREZENTARE<\/strong><\/h4>\n<p>GAL PLAIURI PRAHOVENE este situat \u00een Regiunea de Dezvoltare Sud-Muntenia, \u00een partea de N-E a jude\u021bului Prahova, \u00een vecin\u0103tatea ora\u0219ului VALENII DE MUNTE, fiind str\u0103b\u0103tut de numeroase drumuri jude\u021bene \u0219i comunale, care \u00eempreun\u0103 formeaz\u0103 o important\u0103 re\u021bea de transport ceea ce faciliteaz\u0103 accesul in teritoriu cresc\u00e2ndu-se astfel poten\u021bialul economic al zonei.<\/p>\n<p>Teritoriul parteneriatului este omogen, are o suprafata de 172,46 kmp constituit fiind din urmatoarele unit\u0103\u0163i administrative-teritoriale ale jude\u0163ul Prahova-parteneri publici 19,35 % Comuna Surani, Comuna Pacureti, Comuna Podeni Noi, Comuna Apostolache, Comuna Chiojdeanca, Comuna S\u00e2ngeru al\u0103turi de ceilal\u021bi 23 membri, care reprezinta mediul privat ,societatea civila avand o pondere de 80,65%- in componenta GAL.<\/p>\n<p>Microregiunea se regaseste in zona colinar\u0103 -subcarpatica. Clima este temperat-continental\u0103 moderat\u0103, cu ierni geroase, cu ninsori relativ abundente, cu veri calde, secetoase, prim\u0103verile sunt scurte, iar toamnele reci. Climatul este tipic subcarpatic, iar din punct de vedere al etajului climatic prezint\u0103 o nuanta specific colinara datorit\u0103 influen\u0163elor arcului carpatic.\u00a0Datorit\u0103 pozitionarii sale, microregiunea se bucur\u0103 de privilegile zonelor HNV, in acest context se situeaz\u0103 par\u021bial, in teritoriul GAL pe raza comunelor Surani\u00a0Terenuri Agricole cu Valoare Natural\u0103 Ridicat\u0103 (High Nature Value)\u00a0terenuri caracterizate de\u00a0prezen\u021ba vegeta\u021biei naturale \u0219i semi-naturale (p\u0103\u0219uni),\u00a0bogat\u0103 \u00een specii, \u00eentr-un peisaj ne\u00eentrerupt\u00a0ce include elemente naturale precum gardurile vii, zone \u00eemp\u0103durite sau cu arbu\u0219ti, p\u00e2raie (Lopatna si Sarata), \u0219i petece de p\u0103m\u00e2nt cultivat \u0219i livezi.<\/p>\n<\/div><\/div><\/div><\/div><\/div><\/div><\/div><\/section><section class=\"l-section wpb_row height_medium\"><div class=\"l-section-h i-cf\"><div class=\"g-cols vc_row via_flex valign_top type_default\"><div class=\"vc_col-sm-12 wpb_column vc_column_container\"><div class=\"vc_column-inner\"><div class=\"wpb_wrapper\"><div class=\"w-image align_center\"><a href=\"https:\/\/sdl20.galplaiuriprahovene.ro\/wp-content\/uploads\/2022\/02\/banner-harta.jpg\" ref=\"magnificPopup\" aria-label=\"Leg\u0103tur\u0103\" class=\"w-image-h\"><img loading=\"lazy\" decoding=\"async\" width=\"960\" height=\"293\" src=\"https:\/\/sdl20.galplaiuriprahovene.ro\/wp-content\/uploads\/2022\/02\/banner-harta.jpg\" class=\"attachment-full size-full\" alt=\"\" srcset=\"https:\/\/sdl20.galplaiuriprahovene.ro\/wp-content\/uploads\/2022\/02\/banner-harta.jpg 960w, https:\/\/sdl20.galplaiuriprahovene.ro\/wp-content\/uploads\/2022\/02\/banner-harta-300x92.jpg 300w\" sizes=\"auto, (max-width: 960px) 100vw, 960px\" \/><\/a><\/div><\/div><\/div><\/div><\/div><\/div><\/section>\n","protected":false},"excerpt":{"rendered":"<p>Fisiere atasate DESCHIDERE APEL 3 (784 kB)<\/p>\n","protected":false},"author":1,"featured_media":0,"parent":0,"menu_order":0,"comment_status":"closed","ping_status":"closed","template":"","meta":{"footnotes":""},"class_list":["post-2","page","type-page","status-publish","hentry"],"_links":{"self":[{"href":"https:\/\/sdl20.galplaiuriprahovene.ro\/index.php\/wp-json\/wp\/v2\/pages\/2","targetHints":{"allow":["GET"]}}],"collection":[{"href":"https:\/\/sdl20.galplaiuriprahovene.ro\/index.php\/wp-json\/wp\/v2\/pages"}],"about":[{"href":"https:\/\/sdl20.galplaiuriprahovene.ro\/index.php\/wp-json\/wp\/v2\/types\/page"}],"author":[{"embeddable":true,"href":"https:\/\/sdl20.galplaiuriprahovene.ro\/index.php\/wp-json\/wp\/v2\/users\/1"}],"replies":[{"embeddable":true,"href":"https:\/\/sdl20.galplaiuriprahovene.ro\/index.php\/wp-json\/wp\/v2\/comments?post=2"}],"version-history":[{"count":100,"href":"https:\/\/sdl20.galplaiuriprahovene.ro\/index.php\/wp-json\/wp\/v2\/pages\/2\/revisions"}],"predecessor-version":[{"id":543,"href":"https:\/\/sdl20.galplaiuriprahovene.ro\/index.php\/wp-json\/wp\/v2\/pages\/2\/revisions\/543"}],"wp:attachment":[{"href":"https:\/\/sdl20.galplaiuriprahovene.ro\/index.php\/wp-json\/wp\/v2\/media?parent=2"}],"curies":[{"name":"wp","href":"https:\/\/api.w.org\/{rel}","templated":true}]}}